{"id":3067,"date":"2023-04-26T13:28:18","date_gmt":"2023-04-26T11:28:18","guid":{"rendered":"https:\/\/hijascaridad.sjdigitaldemo.ovh\/vive\/"},"modified":"2026-05-11T14:01:32","modified_gmt":"2026-05-11T12:01:32","slug":"vive-8","status":"publish","type":"page","link":"https:\/\/filles-de-la-charite.org\/pl\/vive-8\/","title":{"rendered":"Vive"},"content":{"rendered":"\n<div class=\"et_pb_section_0 et_pb_section et_section_regular et_block_section et_pb_section_parallax\"><span class=\"et-pb-parallax-wrapper\"><span class=\"et-pb-parallax-background et-pb-parallax-background-module--divi-section-0\" style=\"background-image:url(https:\/\/filles-de-la-charite.org\/wp-content\/uploads\/2024\/05\/a36c6e37-ed00-40de-ab90-22a2a6f15e21-copia.jpeg)\"><\/span><span class=\"et_parallax_gradient\" style=\"background-image:linear-gradient(180deg, #ffffff 0%,rgba(249,249,249,0.5) 100%)\"><\/span><\/span><div class=\"et_pb_row_0 et_pb_row et_pb_equal_columns et_pb_gutters1 et_block_row et_pb_row_fullwidth preset--module--divi-row--default\"><div class=\"et_pb_column_0 et_pb_column et_pb_column_1_2 et_block_column et_pb_column_empty et_pb_css_mix_blend_mode_passthrough\"><\/div><div class=\"et_pb_column_1 et_pb_column et_pb_column_1_2 et-last-child et_block_column et_pb_css_mix_blend_mode_passthrough\"><div class=\"et_pb_text_0 et_pb_text et_pb_bg_layout_dark et_animated et_pb_module et_block_module\"><div class=\"et_pb_text_inner\"><h2>\u017byj<\/h2>\n<\/div><\/div><div class=\"et_pb_divider_0 et_pb_divider et_pb_space et_pb_divider_position_center et_animated et_pb_module\"><div class=\"et_pb_divider_internal\"><\/div><\/div><\/div><\/div><\/div><div class=\"et_pb_section_1 et_pb_section et_section_regular et_block_section\"><div class=\"et_pb_row_1 et_pb_row et_pb_equal_columns et_block_row preset--module--divi-row--default\"><div class=\"et_pb_column_2 et_pb_column et_pb_column_2_3 et_block_column et_pb_css_mix_blend_mode_passthrough\"><div class=\"et_pb_text_1 et_pb_text et_pb_bg_layout_light et_animated et_pb_module et_block_module\"><div class=\"et_pb_text_inner\"><h2>\u017bycie oddane<\/h2>\n<\/div><\/div><\/div><div class=\"et_pb_column_3 et_pb_column et_pb_column_1_3 et-last-child et_block_column et_pb_css_mix_blend_mode_passthrough\"><div class=\"et_pb_text_2 et_pb_text et_pb_bg_layout_light et_clickable et_pb_module et_block_module et_pb_text_align_right\"><div class=\"et_pb_text_inner\"><p>Zobacz wi\u0119cej<\/p>\n<\/div><\/div><\/div><\/div><div class=\"et_pb_row_2 et_pb_row et_block_row preset--module--divi-row--default\"><div class=\"et_pb_column_4 et_pb_column et_pb_column_4_4 et-last-child et_block_column et_pb_css_mix_blend_mode_passthrough\"><div class=\"et_pb_divider_1 et_pb_divider et_pb_space et_pb_divider_position_center et_animated et_pb_module\"><div class=\"et_pb_divider_internal\"><\/div><\/div><div class=\"et_pb_blog_0 et_pb_blog et_pb_bg_layout_light et_pb_posts et_pb_module\"><div class=\"et_pb_ajax_pagination_container\"><div class=\"et_pb_posts et_grid_module\"><article class=\"et_pb_post et_pb_post_id_49647 clearfix et_pb_blog_item_0_0 post-49647 vida-entregada type-vida-entregada status-publish has-post-thumbnail hentry\"><div class=\"et_pb_image_container\"><a href=\"https:\/\/filles-de-la-charite.org\/pl\/vida-entregada\/siec-milosierdzia\/\" class=\"entry-featured-image-url\"><img loading=\"lazy\" decoding=\"async\" src=\"https:\/\/filles-de-la-charite.org\/wp-content\/uploads\/2026\/04\/vlcsnap-2026-04-23-21h14m36s559.png\" width=\"400\" height=\"284\" alt=\"Sie\u0107 mi\u0142osierdzia\" class=\"\" srcset=\"https:\/\/filles-de-la-charite.org\/wp-content\/uploads\/2026\/04\/vlcsnap-2026-04-23-21h14m36s559.png 479w, https:\/\/filles-de-la-charite.org\/wp-content\/uploads\/2026\/04\/vlcsnap-2026-04-23-21h14m36s559-400x284.png 480w\" sizes=\"(max-width:479px) 479px, 100vw\" \/><span data-icon=\"\ue050\" class=\"et_overlay et_pb_inline_icon\"><\/span><\/a><\/div><h2 class=\"entry-title\"><a href=\"https:\/\/filles-de-la-charite.org\/pl\/vida-entregada\/siec-milosierdzia\/\">Sie\u0107 mi\u0142osierdzia<\/a><\/h2><p class=\"post-meta\"><\/p><div class=\"post-content\"><div class=\"post-content-inner\"><\/div><\/div><\/article><article class=\"et_pb_post et_pb_post_id_49107 clearfix et_pb_blog_item_0_1 post-49107 vida-entregada type-vida-entregada status-publish has-post-thumbnail hentry\"><div class=\"et_pb_image_container\"><a href=\"https:\/\/filles-de-la-charite.org\/pl\/vida-entregada\/wprowadzajace-pokoj-i-nadzieje-ks-jose-antonio-gonzalez\/\" class=\"entry-featured-image-url\"><img loading=\"lazy\" decoding=\"async\" src=\"https:\/\/filles-de-la-charite.org\/wp-content\/uploads\/2026\/03\/WhatsApp-Image-2026-03-04-at-19.16.24.jpeg\" width=\"400\" height=\"284\" alt=\"Wprowadzaj\u0105ce\u00a0pok\u00f3j i\u00a0nadziej\u0119 \u2013 Ks.\u00a0Jos\u00e9 Antonio Gonz\u00e1lez\" class=\"\" srcset=\"https:\/\/filles-de-la-charite.org\/wp-content\/uploads\/2026\/03\/WhatsApp-Image-2026-03-04-at-19.16.24.jpeg 479w, https:\/\/filles-de-la-charite.org\/wp-content\/uploads\/2026\/03\/WhatsApp-Image-2026-03-04-at-19.16.24-400x284.jpeg 480w\" sizes=\"(max-width:479px) 479px, 100vw\" \/><span data-icon=\"\ue050\" class=\"et_overlay et_pb_inline_icon\"><\/span><\/a><\/div><h2 class=\"entry-title\"><a href=\"https:\/\/filles-de-la-charite.org\/pl\/vida-entregada\/wprowadzajace-pokoj-i-nadzieje-ks-jose-antonio-gonzalez\/\">Wprowadzaj\u0105ce\u00a0pok\u00f3j i\u00a0nadziej\u0119 \u2013 Ks.\u00a0Jos\u00e9 Antonio Gonz\u00e1lez<\/a><\/h2><p class=\"post-meta\"><\/p><div class=\"post-content\"><div class=\"post-content-inner\"><\/div><\/div><\/article><article class=\"et_pb_post et_pb_post_id_48420 clearfix et_pb_blog_item_0_2 post-48420 vida-entregada type-vida-entregada status-publish has-post-thumbnail hentry\"><div class=\"et_pb_image_container\"><a href=\"https:\/\/filles-de-la-charite.org\/pl\/vida-entregada\/jest-jeden-bog-a-my-modlimy-sie-o-pokoj\/\" class=\"entry-featured-image-url\"><img loading=\"lazy\" decoding=\"async\" src=\"https:\/\/filles-de-la-charite.org\/wp-content\/uploads\/2026\/01\/thumbnail-pl-3.jpg\" width=\"400\" height=\"284\" alt=\"Jest jeden B\u00f3g, a my modlimy si\u0119 o pok\u00f3j\" class=\"\" srcset=\"https:\/\/filles-de-la-charite.org\/wp-content\/uploads\/2026\/01\/thumbnail-pl-3.jpg 479w, https:\/\/filles-de-la-charite.org\/wp-content\/uploads\/2026\/01\/thumbnail-pl-3-400x284.jpg 480w\" sizes=\"(max-width:479px) 479px, 100vw\" \/><span data-icon=\"\ue050\" class=\"et_overlay et_pb_inline_icon\"><\/span><\/a><\/div><h2 class=\"entry-title\"><a href=\"https:\/\/filles-de-la-charite.org\/pl\/vida-entregada\/jest-jeden-bog-a-my-modlimy-sie-o-pokoj\/\">Jest jeden B\u00f3g, a my modlimy si\u0119 o pok\u00f3j<\/a><\/h2><p class=\"post-meta\"><\/p><div class=\"post-content\"><div class=\"post-content-inner\"><\/div><\/div><\/article><\/div><\/div><\/div><\/div><\/div><\/div><div class=\"et_pb_section_2 et_pb_section et_section_regular et_block_section\"><div class=\"et_pb_row_3 et_pb_row et_pb_equal_columns et_block_row preset--module--divi-row--default\"><div class=\"et_pb_column_5 et_pb_column et_pb_column_2_3 et_block_column et_pb_css_mix_blend_mode_passthrough\"><div class=\"et_pb_text_3 et_pb_text et_pb_bg_layout_light et_animated et_pb_module et_block_module\"><div class=\"et_pb_text_inner\"><h2>K\u0105cik modlitwy<\/h2>\n<\/div><\/div><\/div><div class=\"et_pb_column_6 et_pb_column et_pb_column_1_3 et-last-child et_block_column et_pb_css_mix_blend_mode_passthrough\"><div class=\"et_pb_text_4 et_pb_text et_pb_bg_layout_light et_clickable et_pb_module et_block_module et_pb_text_align_right\"><div class=\"et_pb_text_inner\"><p>Zobacz wi\u0119cej<\/p>\n<\/div><\/div><\/div><\/div><div class=\"et_pb_row_4 et_pb_row et_block_row preset--module--divi-row--default\"><div class=\"et_pb_column_7 et_pb_column et_pb_column_4_4 et-last-child et_block_column et_pb_css_mix_blend_mode_passthrough\"><div class=\"et_pb_divider_2 et_pb_divider et_pb_space et_pb_divider_position_center et_animated et_pb_module\"><div class=\"et_pb_divider_internal\"><\/div><\/div><div class=\"et_pb_blog_1 et_pb_blog et_pb_bg_layout_light et_pb_posts et_pb_module\"><div class=\"et_pb_ajax_pagination_container\"><div class=\"et_pb_posts et_grid_module\"><article class=\"et_pb_post et_pb_post_id_49704 clearfix et_pb_blog_item_1_0 post-49704 rincon-oracion type-rincon-oracion status-publish has-post-thumbnail hentry\"><div class=\"et_pb_image_container\"><a href=\"https:\/\/filles-de-la-charite.org\/pl\/rincon-oracion\/na-modlitwie-ze-swieta-ludwika\/\" class=\"entry-featured-image-url\"><img loading=\"lazy\" decoding=\"async\" src=\"https:\/\/filles-de-la-charite.org\/wp-content\/uploads\/2026\/05\/PL.jpg\" width=\"400\" height=\"284\" alt=\"Na modlitwie ze \u015bwi\u0119t\u0105 Ludwik\u0105\" class=\"\" srcset=\"https:\/\/filles-de-la-charite.org\/wp-content\/uploads\/2026\/05\/PL.jpg 479w, https:\/\/filles-de-la-charite.org\/wp-content\/uploads\/2026\/05\/PL-400x284.jpg 480w\" sizes=\"(max-width:479px) 479px, 100vw\" \/><span data-icon=\"\ue050\" class=\"et_overlay et_pb_inline_icon\"><\/span><\/a><\/div><h2 class=\"entry-title\"><a href=\"https:\/\/filles-de-la-charite.org\/pl\/rincon-oracion\/na-modlitwie-ze-swieta-ludwika\/\">Na modlitwie ze \u015bwi\u0119t\u0105 Ludwik\u0105<\/a><\/h2><p class=\"post-meta\"><\/p><div class=\"post-content\"><div class=\"post-content-inner\"><\/div><\/div><\/article><article class=\"et_pb_post et_pb_post_id_49241 clearfix et_pb_blog_item_1_1 post-49241 rincon-oracion type-rincon-oracion status-publish has-post-thumbnail hentry\"><div class=\"et_pb_image_container\"><a href=\"https:\/\/filles-de-la-charite.org\/pl\/rincon-oracion\/zyjemy-wielkanoca\/\" class=\"entry-featured-image-url\"><img loading=\"lazy\" decoding=\"async\" src=\"https:\/\/filles-de-la-charite.org\/wp-content\/uploads\/2026\/03\/ZYJEMY-WIELKANOCA_PL.png\" width=\"400\" height=\"284\" alt=\"\u017bYJEMY WIELKANOC\u0104\" class=\"\" srcset=\"https:\/\/filles-de-la-charite.org\/wp-content\/uploads\/2026\/03\/ZYJEMY-WIELKANOCA_PL.png 479w, https:\/\/filles-de-la-charite.org\/wp-content\/uploads\/2026\/03\/ZYJEMY-WIELKANOCA_PL-400x284.png 480w\" sizes=\"(max-width:479px) 479px, 100vw\" \/><span data-icon=\"\ue050\" class=\"et_overlay et_pb_inline_icon\"><\/span><\/a><\/div><h2 class=\"entry-title\"><a href=\"https:\/\/filles-de-la-charite.org\/pl\/rincon-oracion\/zyjemy-wielkanoca\/\">\u017bYJEMY WIELKANOC\u0104<\/a><\/h2><p class=\"post-meta\"><\/p><div class=\"post-content\"><div class=\"post-content-inner\"><\/div><\/div><\/article><article class=\"et_pb_post et_pb_post_id_49160 clearfix et_pb_blog_item_1_2 post-49160 rincon-oracion type-rincon-oracion status-publish has-post-thumbnail hentry\"><div class=\"et_pb_image_container\"><a href=\"https:\/\/filles-de-la-charite.org\/pl\/rincon-oracion\/tak-maryi\/\" class=\"entry-featured-image-url\"><img loading=\"lazy\" decoding=\"async\" src=\"https:\/\/filles-de-la-charite.org\/wp-content\/uploads\/2026\/03\/vlcsnap-2026-03-30-21h03m06s875.png\" width=\"400\" height=\"284\" alt=\"\u201eTAK\u201d Maryi\" class=\"\" srcset=\"https:\/\/filles-de-la-charite.org\/wp-content\/uploads\/2026\/03\/vlcsnap-2026-03-30-21h03m06s875.png 479w, https:\/\/filles-de-la-charite.org\/wp-content\/uploads\/2026\/03\/vlcsnap-2026-03-30-21h03m06s875-400x284.png 480w\" sizes=\"(max-width:479px) 479px, 100vw\" \/><span data-icon=\"\ue050\" class=\"et_overlay et_pb_inline_icon\"><\/span><\/a><\/div><h2 class=\"entry-title\"><a href=\"https:\/\/filles-de-la-charite.org\/pl\/rincon-oracion\/tak-maryi\/\">\u201eTAK\u201d Maryi<\/a><\/h2><p class=\"post-meta\"><\/p><div class=\"post-content\"><div class=\"post-content-inner\"><\/div><\/div><\/article><\/div><\/div><\/div><\/div><\/div><\/div>\n","protected":false},"excerpt":{"rendered":"","protected":false},"author":1,"featured_media":0,"parent":0,"menu_order":0,"comment_status":"closed","ping_status":"closed","template":"","meta":{"_acf_changed":false,"footnotes":"","_links_to":"","_links_to_target":""},"class_list":["post-3067","page","type-page","status-publish","hentry"],"acf":[],"yoast_head":"<!-- This site is optimized with the Yoast SEO plugin v27.5 - https:\/\/yoast.com\/product\/yoast-seo-wordpress\/ -->\n<title>Vive - Filles de la Charit\u00e9<\/title>\n<meta name=\"robots\" content=\"index, follow, max-snippet:-1, max-image-preview:large, max-video-preview:-1\" \/>\n<link rel=\"canonical\" href=\"https:\/\/filles-de-la-charite.org\/pl\/vive-8\/\" \/>\n<meta property=\"og:locale\" content=\"pl_PL\" \/>\n<meta property=\"og:type\" content=\"article\" \/>\n<meta property=\"og:title\" content=\"Vive - Filles de la Charit\u00e9\" \/>\n<meta property=\"og:url\" content=\"https:\/\/filles-de-la-charite.org\/pl\/vive-8\/\" \/>\n<meta property=\"og:site_name\" content=\"Filles de la Charit\u00e9\" \/>\n<meta property=\"article:modified_time\" content=\"2026-05-11T12:01:32+00:00\" \/>\n<meta name=\"twitter:card\" content=\"summary_large_image\" \/>\n<script type=\"application\/ld+json\" class=\"yoast-schema-graph\">{\"@context\":\"https:\\\/\\\/schema.org\",\"@graph\":[{\"@type\":\"WebPage\",\"@id\":\"https:\\\/\\\/filles-de-la-charite.org\\\/pl\\\/vive-8\\\/\",\"url\":\"https:\\\/\\\/filles-de-la-charite.org\\\/pl\\\/vive-8\\\/\",\"name\":\"Vive - Filles de la Charit\u00e9\",\"isPartOf\":{\"@id\":\"https:\\\/\\\/filles-de-la-charite.org\\\/pl\\\/#website\"},\"datePublished\":\"2023-04-26T11:28:18+00:00\",\"dateModified\":\"2026-05-11T12:01:32+00:00\",\"inLanguage\":\"pl-PL\",\"potentialAction\":[{\"@type\":\"ReadAction\",\"target\":[\"https:\\\/\\\/filles-de-la-charite.org\\\/pl\\\/vive-8\\\/\"]}]},{\"@type\":\"WebSite\",\"@id\":\"https:\\\/\\\/filles-de-la-charite.org\\\/pl\\\/#website\",\"url\":\"https:\\\/\\\/filles-de-la-charite.org\\\/pl\\\/\",\"name\":\"Hijas de la Caridad\",\"description\":\"L\u2019amour de J\u00e9sus nous presse \u00e0 prendre soin des personnes les plus d\u00e9munies\",\"publisher\":{\"@id\":\"https:\\\/\\\/filles-de-la-charite.org\\\/pl\\\/#organization\"},\"potentialAction\":[{\"@type\":\"SearchAction\",\"target\":{\"@type\":\"EntryPoint\",\"urlTemplate\":\"https:\\\/\\\/filles-de-la-charite.org\\\/pl\\\/?s={search_term_string}\"},\"query-input\":{\"@type\":\"PropertyValueSpecification\",\"valueRequired\":true,\"valueName\":\"search_term_string\"}}],\"inLanguage\":\"pl-PL\"},{\"@type\":\"Organization\",\"@id\":\"https:\\\/\\\/filles-de-la-charite.org\\\/pl\\\/#organization\",\"name\":\"Hijas de la Caridad\",\"url\":\"https:\\\/\\\/filles-de-la-charite.org\\\/pl\\\/\",\"logo\":{\"@type\":\"ImageObject\",\"inLanguage\":\"pl-PL\",\"@id\":\"https:\\\/\\\/filles-de-la-charite.org\\\/pl\\\/#\\\/schema\\\/logo\\\/image\\\/\",\"url\":\"https:\\\/\\\/filles-de-la-charite.org\\\/wp-content\\\/uploads\\\/2023\\\/03\\\/isotipo-Hijas-de-la-Caridad.png\",\"contentUrl\":\"https:\\\/\\\/filles-de-la-charite.org\\\/wp-content\\\/uploads\\\/2023\\\/03\\\/isotipo-Hijas-de-la-Caridad.png\",\"width\":1417,\"height\":1417,\"caption\":\"Hijas de la Caridad\"},\"image\":{\"@id\":\"https:\\\/\\\/filles-de-la-charite.org\\\/pl\\\/#\\\/schema\\\/logo\\\/image\\\/\"}}]}<\/script>\n<!-- \/ Yoast SEO plugin. -->","yoast_head_json":{"title":"Vive - Filles de la Charit\u00e9","robots":{"index":"index","follow":"follow","max-snippet":"max-snippet:-1","max-image-preview":"max-image-preview:large","max-video-preview":"max-video-preview:-1"},"canonical":"https:\/\/filles-de-la-charite.org\/pl\/vive-8\/","og_locale":"pl_PL","og_type":"article","og_title":"Vive - Filles de la Charit\u00e9","og_url":"https:\/\/filles-de-la-charite.org\/pl\/vive-8\/","og_site_name":"Filles de la Charit\u00e9","article_modified_time":"2026-05-11T12:01:32+00:00","twitter_card":"summary_large_image","schema":{"@context":"https:\/\/schema.org","@graph":[{"@type":"WebPage","@id":"https:\/\/filles-de-la-charite.org\/pl\/vive-8\/","url":"https:\/\/filles-de-la-charite.org\/pl\/vive-8\/","name":"Vive - Filles de la Charit\u00e9","isPartOf":{"@id":"https:\/\/filles-de-la-charite.org\/pl\/#website"},"datePublished":"2023-04-26T11:28:18+00:00","dateModified":"2026-05-11T12:01:32+00:00","inLanguage":"pl-PL","potentialAction":[{"@type":"ReadAction","target":["https:\/\/filles-de-la-charite.org\/pl\/vive-8\/"]}]},{"@type":"WebSite","@id":"https:\/\/filles-de-la-charite.org\/pl\/#website","url":"https:\/\/filles-de-la-charite.org\/pl\/","name":"Hijas de la Caridad","description":"L\u2019amour de J\u00e9sus nous presse \u00e0 prendre soin des personnes les plus d\u00e9munies","publisher":{"@id":"https:\/\/filles-de-la-charite.org\/pl\/#organization"},"potentialAction":[{"@type":"SearchAction","target":{"@type":"EntryPoint","urlTemplate":"https:\/\/filles-de-la-charite.org\/pl\/?s={search_term_string}"},"query-input":{"@type":"PropertyValueSpecification","valueRequired":true,"valueName":"search_term_string"}}],"inLanguage":"pl-PL"},{"@type":"Organization","@id":"https:\/\/filles-de-la-charite.org\/pl\/#organization","name":"Hijas de la Caridad","url":"https:\/\/filles-de-la-charite.org\/pl\/","logo":{"@type":"ImageObject","inLanguage":"pl-PL","@id":"https:\/\/filles-de-la-charite.org\/pl\/#\/schema\/logo\/image\/","url":"https:\/\/filles-de-la-charite.org\/wp-content\/uploads\/2023\/03\/isotipo-Hijas-de-la-Caridad.png","contentUrl":"https:\/\/filles-de-la-charite.org\/wp-content\/uploads\/2023\/03\/isotipo-Hijas-de-la-Caridad.png","width":1417,"height":1417,"caption":"Hijas de la Caridad"},"image":{"@id":"https:\/\/filles-de-la-charite.org\/pl\/#\/schema\/logo\/image\/"}}]}},"_links":{"self":[{"href":"https:\/\/filles-de-la-charite.org\/pl\/wp-json\/wp\/v2\/pages\/3067","targetHints":{"allow":["GET"]}}],"collection":[{"href":"https:\/\/filles-de-la-charite.org\/pl\/wp-json\/wp\/v2\/pages"}],"about":[{"href":"https:\/\/filles-de-la-charite.org\/pl\/wp-json\/wp\/v2\/types\/page"}],"author":[{"embeddable":true,"href":"https:\/\/filles-de-la-charite.org\/pl\/wp-json\/wp\/v2\/users\/1"}],"replies":[{"embeddable":true,"href":"https:\/\/filles-de-la-charite.org\/pl\/wp-json\/wp\/v2\/comments?post=3067"}],"version-history":[{"count":12,"href":"https:\/\/filles-de-la-charite.org\/pl\/wp-json\/wp\/v2\/pages\/3067\/revisions"}],"predecessor-version":[{"id":51617,"href":"https:\/\/filles-de-la-charite.org\/pl\/wp-json\/wp\/v2\/pages\/3067\/revisions\/51617"}],"wp:attachment":[{"href":"https:\/\/filles-de-la-charite.org\/pl\/wp-json\/wp\/v2\/media?parent=3067"}],"curies":[{"name":"wp","href":"https:\/\/api.w.org\/{rel}","templated":true}]}}