{"id":3498,"date":"2023-03-20T12:04:54","date_gmt":"2023-03-20T11:04:54","guid":{"rendered":"https:\/\/hijascaridad.sjdigitaldemo.ovh\/filhas-da-caridade\/"},"modified":"2026-05-11T13:57:36","modified_gmt":"2026-05-11T11:57:36","slug":"filhas-da-caridade","status":"publish","type":"page","link":"https:\/\/filles-de-la-charite.org\/pt-pt\/","title":{"rendered":"Filhas da Caridade"},"content":{"rendered":"\n<div class=\"et_pb_section_0 et_pb_section et_section_regular et_block_section et-pb-has-background-video et_pb_preload\"><span class=\"et-pb-background-video et_pb_allow_player_pause\"><video autoplay loop playsinline muted width=\"0\" height=\"100\"><source type=\"video\/mp4\" src=\"https:\/\/filles-de-la-charite.org\/wp-content\/uploads\/2023\/04\/TestHJ.mp4\" \/><source type=\"video\/webm\" src=\"https:\/\/filles-de-la-charite.org\/wp-content\/uploads\/2023\/04\/TestHijasCaridad.webm\" \/><\/video><\/span><div class=\"et_pb_row_0 et_pb_row et_pb_equal_columns et_block_row preset--module--divi-row--default\"><div class=\"et_pb_column_0 et_pb_column et_pb_column_4_4 et-last-child et_block_column et_pb_css_mix_blend_mode_passthrough\"><div class=\"et_pb_image_0 et_pb_image et_pb_module et_block_module\"><span class=\"et_pb_image_wrap\"><img loading=\"lazy\" decoding=\"async\" src=\"https:\/\/filles-de-la-charite.org\/wp-content\/uploads\/2023\/05\/logo-Filhas-da-Caridade_hor.png\" width=\"2835\" height=\"1417\" srcset=\"https:\/\/filles-de-la-charite.org\/wp-content\/uploads\/2023\/05\/logo-Filhas-da-Caridade_hor.png 2835w, https:\/\/filles-de-la-charite.org\/wp-content\/uploads\/2023\/05\/logo-Filhas-da-Caridade_hor-1280x640.png 1280w, https:\/\/filles-de-la-charite.org\/wp-content\/uploads\/2023\/05\/logo-Filhas-da-Caridade_hor-980x490.png 980w, https:\/\/filles-de-la-charite.org\/wp-content\/uploads\/2023\/05\/logo-Filhas-da-Caridade_hor-480x240.png 480w\" sizes=\"(min-width: 0px) and (max-width: 480px) 480px, (min-width: 481px) and (max-width: 980px) 980px, (min-width: 981px) and (max-width: 1280px) 1280px, (min-width: 1281px) 2835px, 100vw\" class=\"wp-image-375\" title=\"logo Filhas da Caridade_horz\" \/><\/span><\/div><div class=\"et_pb_text_0 et_pb_text et_pb_bg_layout_light et_pb_module et_block_module et_pb_text_align_center\"><div class=\"et_pb_text_inner\" data-et-mv-hidden-tablet=\"true\" data-et-mv-hidden-phone=\"true\"><h2>O amor de Jesus nos impele a cuidar dos mais necessitados<\/h2>\n<\/div><\/div><div class=\"et_pb_text_1 et_pb_text et_pb_bg_layout_light et_animated et_pb_module et_block_module et_pb_text_align_center\"><div class=\"et_pb_text_inner\"><p><span>Filhas da Caridade, somos servas das pessoas pobres e vulner\u00e1veis, comprometidas em promover o amor e a justi\u00e7a no mundo.<\/span><\/p>\n<\/div><\/div><div class=\"et_pb_module et_pb_button_module_wrapper et_pb_button_0_wrapper\"><a class=\"et_pb_button_0 et_pb_button et_pb_bg_layout_light et_animated et_pb_module et_block_module\" href=\"https:\/\/filles-de-la-charite.org\/pt-pt\/nos-somos\/\">Conhe\u00e7a-nos<\/a><\/div><\/div><\/div><\/div><div class=\"et_pb_section_1 et_pb_section et_section_regular et_block_section\"><div class=\"et_pb_row_1 et_pb_row et_pb_row_4col et_pb_equal_columns et_pb_gutters1 et_block_row et_block_row_4col preset--module--divi-row--default\"><div class=\"et_pb_column_1 et_pb_column et_pb_column_1_4 et_block_column et_pb_css_mix_blend_mode_passthrough et_animated et_clickable\"><div class=\"et_pb_text_2 et_pb_text et_pb_bg_layout_light et_pb_module et_block_module et_pb_text_align_center\"><div class=\"et_pb_text_inner\"><p>Desde 1633<\/p>\n<\/div><\/div><div class=\"et_pb_text_3 et_pb_text et_pb_bg_layout_light et_pb_module et_block_module et_pb_text_align_center\"><div class=\"et_pb_text_inner\"><p>FAZER MEM\u00d3RIA<\/p>\n<\/div><\/div><\/div><div class=\"et_pb_column_2 et_pb_column et_pb_column_1_4 et_block_column et_pb_css_mix_blend_mode_passthrough et_animated et_clickable\"><div class=\"et_pb_text_4 et_pb_text et_pb_bg_layout_light et_pb_module et_block_module et_pb_text_align_center\"><div class=\"et_pb_text_inner\"><p>servimos<\/p>\n<\/div><\/div><div class=\"et_pb_text_5 et_pb_text et_pb_bg_layout_light et_pb_module et_block_module et_pb_text_align_center\"><div class=\"et_pb_text_inner\"><p>AGIR<\/p>\n<\/div><\/div><\/div><div class=\"et_pb_column_3 et_pb_column et_pb_column_1_4 et_block_column et_pb_css_mix_blend_mode_passthrough et_animated et_clickable\"><div class=\"et_pb_text_6 et_pb_text et_pb_bg_layout_light et_pb_module et_block_module et_pb_text_align_center\"><div class=\"et_pb_text_inner\"><p>com paix\u00e3o<\/p>\n<\/div><\/div><div class=\"et_pb_text_7 et_pb_text et_pb_bg_layout_light et_pb_module et_block_module et_pb_text_align_center\"><div class=\"et_pb_text_inner\"><p>SER<\/p>\n<\/div><\/div><\/div><div class=\"et_pb_column_4 et_pb_column et_pb_column_1_4 et-last-child et_block_column et_pb_css_mix_blend_mode_passthrough et_animated et_clickable\"><div class=\"et_pb_text_8 et_pb_text et_pb_bg_layout_light et_pb_module et_block_module et_pb_text_align_center\"><div class=\"et_pb_text_inner\"><p>no mundo<\/p>\n<\/div><\/div><div class=\"et_pb_text_9 et_pb_text et_pb_bg_layout_light et_pb_module et_block_module et_pb_text_align_center\"><div class=\"et_pb_text_inner\"><p>ENCONTRAR<\/p>\n<\/div><\/div><\/div><\/div><\/div><div class=\"et_pb_section_2 et_pb_section et_section_regular et_block_section\"><div class=\"et_pb_row_2 et_pb_row et_block_row preset--module--divi-row--default\"><div class=\"et_pb_column_5 et_pb_column et_pb_column_4_4 et-last-child et_block_column et_pb_css_mix_blend_mode_passthrough\"><div class=\"et_pb_text_10 et_pb_text et_pb_bg_layout_light et_animated et_pb_module et_block_module\"><div class=\"et_pb_text_inner\"><h2>Not\u00edcias<\/h2>\n<\/div><\/div><div class=\"et_pb_divider_0 et_pb_divider et_pb_space et_pb_divider_position_center et_animated et_pb_module\"><div class=\"et_pb_divider_internal\"><\/div><\/div><\/div><\/div><div class=\"et_pb_row_3 et_pb_row et_block_row preset--module--divi-row--default\"><div class=\"et_pb_column_6 et_pb_column et_pb_column_4_4 et-last-child et_block_column et_pb_css_mix_blend_mode_passthrough\"><div class=\"et_pb_blog_0 et_pb_blog et_pb_bg_layout_light et_pb_posts et_animated et_pb_module\"><div class=\"et_pb_ajax_pagination_container\"><div class=\"et_pb_posts et_grid_module\"><article class=\"et_pb_post et_pb_post_id_49530 clearfix et_pb_blog_item_0_0 post-49530 post type-post status-publish format-standard has-post-thumbnail hentry category-internacional-pt-pt\"><div class=\"et_pb_image_container\"><a href=\"https:\/\/filles-de-la-charite.org\/pt-pt\/decreto-sobre-la-heroicidad-de-las-virtudes-de-sor-samulowska\/\" class=\"entry-featured-image-url\"><img loading=\"lazy\" decoding=\"async\" src=\"https:\/\/filles-de-la-charite.org\/wp-content\/uploads\/2026\/04\/Diseno-sin-titulo-17-6.png\" width=\"400\" height=\"284\" alt=\"Decreto sobre as Virtudes Her\u00f3icas da Irm\u00e3 Samulowska\" class=\"\" srcset=\"https:\/\/filles-de-la-charite.org\/wp-content\/uploads\/2026\/04\/Diseno-sin-titulo-17-6.png 479w, https:\/\/filles-de-la-charite.org\/wp-content\/uploads\/2026\/04\/Diseno-sin-titulo-17-6-400x284.png 480w\" sizes=\"(max-width:479px) 479px, 100vw\" \/><span data-icon=\"\ue050\" class=\"et_overlay et_pb_inline_icon\"><\/span><\/a><\/div><h2 class=\"entry-title\"><a href=\"https:\/\/filles-de-la-charite.org\/pt-pt\/decreto-sobre-la-heroicidad-de-las-virtudes-de-sor-samulowska\/\">Decreto sobre as Virtudes Her\u00f3icas da Irm\u00e3 Samulowska<\/a><\/h2><p class=\"post-meta\"><span class=\"published\">Abr 12, 2026<\/span> | <span class=\"entry-categories\"><a href=\"https:\/\/filles-de-la-charite.org\/pt-pt\/category\/internacional-pt-pt\/\" rel=\"tag\">Internacional<\/a><\/span><\/p><div class=\"post-content\"><div class=\"post-content-inner\"><p>Em 23 de mar\u00e7o de 2026, foi conclu\u00edda a etapa mais importante na causa da Serva de Deus, Irm\u00e3 Stanis\u0142awa Barbara Samulowska. Em reconhecimento \u00e0s virtudes que ela viveu de modo heroico, o Santo Padre Le\u00e3o XIV concedeu a permiss\u00e3o para chamar de VENER\u00c1VEL, Irm\u00e3 Barbara&#8230;<\/p>\n<\/div><\/div><\/article><article class=\"et_pb_post et_pb_post_id_49487 clearfix et_pb_blog_item_0_1 post-49487 post type-post status-publish format-standard has-post-thumbnail hentry category-cracovia-pt-pt\"><div class=\"et_pb_image_container\"><a href=\"https:\/\/filles-de-la-charite.org\/pt-pt\/bajo-la-proteccion-del-sagrado-corazon\/\" class=\"entry-featured-image-url\"><img loading=\"lazy\" decoding=\"async\" src=\"https:\/\/filles-de-la-charite.org\/wp-content\/uploads\/2026\/04\/IMG-20250211-WA0026-6.jpg\" width=\"400\" height=\"284\" alt=\"Sob a prote\u00e7\u00e3o do Sagrado Cora\u00e7\u00e3o\" class=\"\" srcset=\"https:\/\/filles-de-la-charite.org\/wp-content\/uploads\/2026\/04\/IMG-20250211-WA0026-6.jpg 479w, https:\/\/filles-de-la-charite.org\/wp-content\/uploads\/2026\/04\/IMG-20250211-WA0026-6-400x284.jpg 480w\" sizes=\"(max-width:479px) 479px, 100vw\" \/><span data-icon=\"\ue050\" class=\"et_overlay et_pb_inline_icon\"><\/span><\/a><\/div><h2 class=\"entry-title\"><a href=\"https:\/\/filles-de-la-charite.org\/pt-pt\/bajo-la-proteccion-del-sagrado-corazon\/\">Sob a prote\u00e7\u00e3o do Sagrado Cora\u00e7\u00e3o<\/a><\/h2><p class=\"post-meta\"><span class=\"published\">Abr 10, 2026<\/span> | <span class=\"entry-categories\"><a href=\"https:\/\/filles-de-la-charite.org\/pt-pt\/category\/cracovia-pt-pt\/\" rel=\"tag\">Crac\u00f3via<\/a><\/span><\/p><div class=\"post-content\"><div class=\"post-content-inner\"><p>Em 2026, a Igreja Cat\u00f3lica na Ucr\u00e2nia se re\u00fane em torno do mist\u00e9rio do Sagrado Cora\u00e7\u00e3o de Jesus para contemplar seu amor, reparar os pecados e implorar o dom da paz e da renova\u00e7\u00e3o espiritual de nossa p\u00e1tria. Cada par\u00f3quia recebeu uma imagem do Sagrado Cora\u00e7\u00e3o de&#8230;<\/p>\n<\/div><\/div><\/article><article class=\"et_pb_post et_pb_post_id_49306 clearfix et_pb_blog_item_0_2 post-49306 post type-post status-publish format-standard has-post-thumbnail hentry category-internacional-pt-pt\"><div class=\"et_pb_image_container\"><a href=\"https:\/\/filles-de-la-charite.org\/pt-pt\/comunicar-la-mision-en-el-continente-digital\/\" class=\"entry-featured-image-url\"><img loading=\"lazy\" decoding=\"async\" src=\"https:\/\/filles-de-la-charite.org\/wp-content\/uploads\/2026\/03\/athree23-study-3698155_1920.jpg\" width=\"400\" height=\"284\" alt=\"Comunicar a miss\u00e3o no continente digital\" class=\"\" srcset=\"https:\/\/filles-de-la-charite.org\/wp-content\/uploads\/2026\/03\/athree23-study-3698155_1920.jpg 479w, https:\/\/filles-de-la-charite.org\/wp-content\/uploads\/2026\/03\/athree23-study-3698155_1920-400x284.jpg 480w\" sizes=\"(max-width:479px) 479px, 100vw\" \/><span data-icon=\"\ue050\" class=\"et_overlay et_pb_inline_icon\"><\/span><\/a><\/div><h2 class=\"entry-title\"><a href=\"https:\/\/filles-de-la-charite.org\/pt-pt\/comunicar-la-mision-en-el-continente-digital\/\">Comunicar a miss\u00e3o no continente digital<\/a><\/h2><p class=\"post-meta\"><span class=\"published\">Mar 29, 2026<\/span> | <span class=\"entry-categories\"><a href=\"https:\/\/filles-de-la-charite.org\/pt-pt\/category\/internacional-pt-pt\/\" rel=\"tag\">Internacional<\/a><\/span><\/p><div class=\"post-content\"><div class=\"post-content-inner\"><p>Entre os dias 7 de fevereiro e 30 de maio de 2026, a Companhia das Filhas da Caridade realiza um percurso formativo destinado \u00e0s Irm\u00e3s chamadas a assumir, em suas respectivas Prov\u00edncias, a miss\u00e3o de animar a presen\u00e7a da Companhia nas redes sociais. A iniciativa nasceu&#8230;<\/p>\n<\/div><\/div><\/article><\/div><\/div><\/div><div class=\"et_pb_module et_pb_button_module_wrapper et_pb_button_1_wrapper\"><a class=\"et_pb_button_1 et_pb_button et_pb_bg_layout_light et_pb_module et_block_module\" href=\"https:\/\/filles-de-la-charite.org\/pt-pt\/noticias\/\">ver mais<\/a><\/div><\/div><\/div><\/div><div class=\"et_pb_section_3 et_pb_section et_section_regular et_block_section\"><div class=\"et_pb_row_4 et_pb_row et_block_row preset--module--divi-row--default\"><div class=\"et_pb_column_7 et_pb_column et_pb_column_1_2 et_block_column et_pb_css_mix_blend_mode_passthrough\"><div class=\"et_pb_text_11 et_pb_text et_pb_bg_layout_light et_animated et_pb_module et_block_module\"><div class=\"et_pb_text_inner\"><h2>Mulheres entusiasmadas para amar e servir&#8230;<\/h2>\n<\/div><\/div><div class=\"et_pb_text_12 et_pb_text et_pb_bg_layout_light et_animated et_pb_module et_block_module\"><div class=\"et_pb_text_inner\"><p>chamadas por Deus a levar, segundo o Evangelho, uma vida em comunh\u00e3o atrav\u00e9s da ora\u00e7\u00e3o e do servi\u00e7o.<\/p>\n<\/div><\/div><div class=\"et_pb_divider_1 et_pb_divider et_pb_space et_pb_divider_position_center et_animated et_pb_module\"><div class=\"et_pb_divider_internal\"><\/div><\/div><div class=\"et_pb_text_13 et_pb_text et_pb_bg_layout_light et_animated et_pb_module et_block_module\"><div class=\"et_pb_text_inner\"><p>Cristo \u00e9 a fonte do nosso amor e do nosso dinamismo. Ele nos impele a colocarmo-nos ao servi\u00e7o dos nossos irm\u00e3os e irm\u00e3s em situa\u00e7\u00f5es prec\u00e1rias. Escolhemos um modo de vida s\u00f3brio, simples, em comunidade. Apoiamo-nos umas as outras e partilhamos as nossas experi\u00eancias de vida e de f\u00e9.<\/p>\n<p>Transmitimos aos que sofrem a alegria e a esperan\u00e7a que n\u00f3s mesmas recebemos de Deus e procuramos, com eles, descobrir os sinais da sua presen\u00e7a em suas vidas. Maria \u00e9 nossa mestra de vida espiritual e nosso modelo de serva. Seguindo o seu exemplo, esfor\u00e7amo-nos para ser humildes, fraternas e compreensivas com as pessoas que encontramos e servimos.<\/p>\n<\/div><\/div><\/div><div class=\"et_pb_column_8 et_pb_column et_pb_column_1_2 et-last-child et_block_column et_pb_css_mix_blend_mode_passthrough\"><div class=\"et_pb_image_1 et_pb_image et_animated et_pb_module et_block_module\"><span class=\"et_pb_image_wrap\"><img loading=\"lazy\" decoding=\"async\" src=\"https:\/\/filles-de-la-charite.org\/wp-content\/uploads\/2023\/03\/elfran-1603925576629-cathopic-1-scaled.jpg\" width=\"2560\" height=\"1707\" srcset=\"https:\/\/filles-de-la-charite.org\/wp-content\/uploads\/2023\/03\/elfran-1603925576629-cathopic-1-scaled.jpg 2560w, https:\/\/filles-de-la-charite.org\/wp-content\/uploads\/2023\/03\/elfran-1603925576629-cathopic-1-1280x854.jpg 1280w, https:\/\/filles-de-la-charite.org\/wp-content\/uploads\/2023\/03\/elfran-1603925576629-cathopic-1-980x653.jpg 980w, https:\/\/filles-de-la-charite.org\/wp-content\/uploads\/2023\/03\/elfran-1603925576629-cathopic-1-480x320.jpg 480w\" sizes=\"(min-width: 0px) and (max-width: 480px) 480px, (min-width: 481px) and (max-width: 980px) 980px, (min-width: 981px) and (max-width: 1280px) 1280px, (min-width: 1281px) 2560px, 100vw\" class=\"wp-image-45\" title=\"elfran-1603925576629-cathopic (1)\" \/><\/span><\/div><\/div><\/div><\/div><div class=\"et_pb_section_4 et_pb_section et_section_regular et_block_section\"><div class=\"et_pb_row_5 et_pb_row et_pb_equal_columns et_block_row preset--module--divi-row--default\"><div class=\"et_pb_column_9 et_pb_column et_pb_column_1_3 et_block_column et_pb_css_mix_blend_mode_passthrough et_clickable\"><div class=\"et_pb_text_14 et_pb_text et_pb_bg_layout_light et_pb_module et_block_module et_pb_text_align_center\"><div class=\"et_pb_text_inner\"><p>Espiritualidade<\/p>\n<\/div><\/div><\/div><div class=\"et_pb_column_10 et_pb_column et_pb_column_1_3 et_block_column et_pb_css_mix_blend_mode_passthrough et_clickable\"><div class=\"et_pb_text_15 et_pb_text et_pb_bg_layout_light et_pb_module et_block_module et_pb_text_align_center\"><div class=\"et_pb_text_inner\"><p>Servi\u00e7o<\/p>\n<\/div><\/div><\/div><div class=\"et_pb_column_11 et_pb_column et_pb_column_1_3 et-last-child et_block_column et_pb_css_mix_blend_mode_passthrough et_clickable\"><div class=\"et_pb_text_16 et_pb_text et_pb_bg_layout_light et_pb_module et_block_module et_pb_text_align_center\"><div class=\"et_pb_text_inner\"><p>Inspira\u00e7\u00e3o<\/p>\n<\/div><\/div><\/div><\/div><div class=\"et_pb_row_6 et_pb_row et_pb_equal_columns et_block_row preset--module--divi-row--default\"><div class=\"et_pb_column_12 et_pb_column et_pb_column_1_3 et_block_column et_pb_css_mix_blend_mode_passthrough et_clickable\"><div class=\"et_pb_text_17 et_pb_text et_pb_bg_layout_light et_pb_module et_block_module et_pb_text_align_center\"><div class=\"et_pb_text_inner\"><p>Vida<\/p>\n<\/div><\/div><\/div><div class=\"et_pb_column_13 et_pb_column et_pb_column_1_3 et_block_column et_pb_css_mix_blend_mode_passthrough et_clickable\"><div class=\"et_pb_text_18 et_pb_text et_pb_bg_layout_light et_pb_module et_block_module et_pb_text_align_center\"><div class=\"et_pb_text_inner\"><p>Ora\u00e7\u00e3o<\/p>\n<\/div><\/div><\/div><div class=\"et_pb_column_14 et_pb_column et_pb_column_1_3 et-last-child et_block_column et_pb_css_mix_blend_mode_passthrough et_clickable\"><div class=\"et_pb_text_19 et_pb_text et_pb_bg_layout_light et_pb_module et_block_module et_pb_text_align_center\"><div class=\"et_pb_text_inner\"><p>Eventos<\/p>\n<\/div><\/div><\/div><\/div><\/div><div class=\"et_pb_section_5 et_pb_section et_section_regular et_block_section et_pb_section_parallax\"><span class=\"et-pb-parallax-wrapper\"><span class=\"et-pb-parallax-background et-pb-parallax-background-module--divi-section-5\" style=\"background-image:url(https:\/\/filles-de-la-charite.org\/wp-content\/uploads\/2023\/03\/travel-landscape-13.png)\"><\/span><\/span><div class=\"et_pb_row_7 et_pb_row et_pb_gutters1 et_block_row et_pb_row_fullwidth preset--module--divi-row--default\"><div class=\"et_pb_column_15 et_pb_column et_pb_column_4_4 et-last-child et_block_column et_pb_css_mix_blend_mode_passthrough\"><div class=\"et_pb_text_20 et_pb_text et_pb_bg_layout_light et_animated et_pb_module et_block_module\"><div class=\"et_pb_text_inner\"><h3><strong>O que voc\u00ea est\u00e1 esperando?<\/strong><\/h3>\n<\/div><\/div><div class=\"et_pb_module et_pb_button_module_wrapper et_pb_button_2_wrapper\"><a class=\"et_pb_button_2 et_pb_button et_pb_bg_layout_light et_pb_module et_block_module\" href=\"https:\/\/filles-de-la-charite.org\/pt-pt\/em-colaboracao-com\/\" data-icon=\"$\">PARTICIPE DA MISS\u00c3O<\/a><\/div><div class=\"et_pb_image_2 et_pb_image et_pb_image_sticky et_pb_module et_block_module\"><span class=\"et_pb_image_wrap\"><img loading=\"lazy\" decoding=\"async\" src=\"https:\/\/filles-de-la-charite.org\/wp-content\/uploads\/2023\/05\/unete-1.png\" width=\"1920\" height=\"631\" srcset=\"https:\/\/filles-de-la-charite.org\/wp-content\/uploads\/2023\/05\/unete-1.png 1920w, https:\/\/filles-de-la-charite.org\/wp-content\/uploads\/2023\/05\/unete-1-1280x421.png 1280w, https:\/\/filles-de-la-charite.org\/wp-content\/uploads\/2023\/05\/unete-1-980x322.png 980w, https:\/\/filles-de-la-charite.org\/wp-content\/uploads\/2023\/05\/unete-1-480x158.png 480w\" sizes=\"(min-width: 0px) and (max-width: 480px) 480px, (min-width: 481px) and (max-width: 980px) 980px, (min-width: 981px) and (max-width: 1280px) 1280px, (min-width: 1281px) 1920px, 100vw\" class=\"wp-image-2918\" title=\"unir-1\" \/><\/span><\/div><\/div><\/div><\/div>\n","protected":false},"excerpt":{"rendered":"","protected":false},"author":1,"featured_media":0,"parent":0,"menu_order":0,"comment_status":"closed","ping_status":"closed","template":"","meta":{"_acf_changed":false,"footnotes":"","_links_to":"","_links_to_target":""},"class_list":["post-3498","page","type-page","status-publish","hentry"],"acf":[],"yoast_head":"<!-- This site is optimized with the Yoast SEO plugin v27.5 - https:\/\/yoast.com\/product\/yoast-seo-wordpress\/ -->\n<title>Filhas da Caridade - Filles de la Charit\u00e9<\/title>\n<meta name=\"robots\" content=\"index, follow, max-snippet:-1, max-image-preview:large, max-video-preview:-1\" \/>\n<link rel=\"canonical\" href=\"https:\/\/filles-de-la-charite.org\/pt-pt\/\" \/>\n<meta property=\"og:locale\" content=\"pt_PT\" \/>\n<meta property=\"og:type\" content=\"article\" \/>\n<meta property=\"og:title\" content=\"Filhas da Caridade - Filles de la Charit\u00e9\" \/>\n<meta property=\"og:url\" content=\"https:\/\/filles-de-la-charite.org\/pt-pt\/\" \/>\n<meta property=\"og:site_name\" content=\"Filles de la Charit\u00e9\" \/>\n<meta property=\"article:modified_time\" content=\"2026-05-11T11:57:36+00:00\" \/>\n<meta name=\"twitter:card\" content=\"summary_large_image\" \/>\n<script type=\"application\/ld+json\" class=\"yoast-schema-graph\">{\"@context\":\"https:\\\/\\\/schema.org\",\"@graph\":[{\"@type\":\"WebPage\",\"@id\":\"https:\\\/\\\/filles-de-la-charite.org\\\/pt-pt\\\/\",\"url\":\"https:\\\/\\\/filles-de-la-charite.org\\\/pt-pt\\\/\",\"name\":\"Filhas da Caridade - Filles de la Charit\u00e9\",\"isPartOf\":{\"@id\":\"https:\\\/\\\/filles-de-la-charite.org\\\/pt-pt\\\/#website\"},\"datePublished\":\"2023-03-20T11:04:54+00:00\",\"dateModified\":\"2026-05-11T11:57:36+00:00\",\"inLanguage\":\"pt-PT\",\"potentialAction\":[{\"@type\":\"ReadAction\",\"target\":[\"https:\\\/\\\/filles-de-la-charite.org\\\/pt-pt\\\/\"]}]},{\"@type\":\"WebSite\",\"@id\":\"https:\\\/\\\/filles-de-la-charite.org\\\/pt-pt\\\/#website\",\"url\":\"https:\\\/\\\/filles-de-la-charite.org\\\/pt-pt\\\/\",\"name\":\"Hijas de la Caridad\",\"description\":\"L\u2019amour de J\u00e9sus nous presse \u00e0 prendre soin des personnes les plus d\u00e9munies\",\"publisher\":{\"@id\":\"https:\\\/\\\/filles-de-la-charite.org\\\/pt-pt\\\/#organization\"},\"potentialAction\":[{\"@type\":\"SearchAction\",\"target\":{\"@type\":\"EntryPoint\",\"urlTemplate\":\"https:\\\/\\\/filles-de-la-charite.org\\\/pt-pt\\\/?s={search_term_string}\"},\"query-input\":{\"@type\":\"PropertyValueSpecification\",\"valueRequired\":true,\"valueName\":\"search_term_string\"}}],\"inLanguage\":\"pt-PT\"},{\"@type\":\"Organization\",\"@id\":\"https:\\\/\\\/filles-de-la-charite.org\\\/pt-pt\\\/#organization\",\"name\":\"Hijas de la Caridad\",\"url\":\"https:\\\/\\\/filles-de-la-charite.org\\\/pt-pt\\\/\",\"logo\":{\"@type\":\"ImageObject\",\"inLanguage\":\"pt-PT\",\"@id\":\"https:\\\/\\\/filles-de-la-charite.org\\\/pt-pt\\\/#\\\/schema\\\/logo\\\/image\\\/\",\"url\":\"https:\\\/\\\/filles-de-la-charite.org\\\/wp-content\\\/uploads\\\/2023\\\/03\\\/isotipo-Hijas-de-la-Caridad.png\",\"contentUrl\":\"https:\\\/\\\/filles-de-la-charite.org\\\/wp-content\\\/uploads\\\/2023\\\/03\\\/isotipo-Hijas-de-la-Caridad.png\",\"width\":1417,\"height\":1417,\"caption\":\"Hijas de la Caridad\"},\"image\":{\"@id\":\"https:\\\/\\\/filles-de-la-charite.org\\\/pt-pt\\\/#\\\/schema\\\/logo\\\/image\\\/\"}}]}<\/script>\n<!-- \/ Yoast SEO plugin. -->","yoast_head_json":{"title":"Filhas da Caridade - Filles de la Charit\u00e9","robots":{"index":"index","follow":"follow","max-snippet":"max-snippet:-1","max-image-preview":"max-image-preview:large","max-video-preview":"max-video-preview:-1"},"canonical":"https:\/\/filles-de-la-charite.org\/pt-pt\/","og_locale":"pt_PT","og_type":"article","og_title":"Filhas da Caridade - Filles de la Charit\u00e9","og_url":"https:\/\/filles-de-la-charite.org\/pt-pt\/","og_site_name":"Filles de la Charit\u00e9","article_modified_time":"2026-05-11T11:57:36+00:00","twitter_card":"summary_large_image","schema":{"@context":"https:\/\/schema.org","@graph":[{"@type":"WebPage","@id":"https:\/\/filles-de-la-charite.org\/pt-pt\/","url":"https:\/\/filles-de-la-charite.org\/pt-pt\/","name":"Filhas da Caridade - Filles de la Charit\u00e9","isPartOf":{"@id":"https:\/\/filles-de-la-charite.org\/pt-pt\/#website"},"datePublished":"2023-03-20T11:04:54+00:00","dateModified":"2026-05-11T11:57:36+00:00","inLanguage":"pt-PT","potentialAction":[{"@type":"ReadAction","target":["https:\/\/filles-de-la-charite.org\/pt-pt\/"]}]},{"@type":"WebSite","@id":"https:\/\/filles-de-la-charite.org\/pt-pt\/#website","url":"https:\/\/filles-de-la-charite.org\/pt-pt\/","name":"Hijas de la Caridad","description":"L\u2019amour de J\u00e9sus nous presse \u00e0 prendre soin des personnes les plus d\u00e9munies","publisher":{"@id":"https:\/\/filles-de-la-charite.org\/pt-pt\/#organization"},"potentialAction":[{"@type":"SearchAction","target":{"@type":"EntryPoint","urlTemplate":"https:\/\/filles-de-la-charite.org\/pt-pt\/?s={search_term_string}"},"query-input":{"@type":"PropertyValueSpecification","valueRequired":true,"valueName":"search_term_string"}}],"inLanguage":"pt-PT"},{"@type":"Organization","@id":"https:\/\/filles-de-la-charite.org\/pt-pt\/#organization","name":"Hijas de la Caridad","url":"https:\/\/filles-de-la-charite.org\/pt-pt\/","logo":{"@type":"ImageObject","inLanguage":"pt-PT","@id":"https:\/\/filles-de-la-charite.org\/pt-pt\/#\/schema\/logo\/image\/","url":"https:\/\/filles-de-la-charite.org\/wp-content\/uploads\/2023\/03\/isotipo-Hijas-de-la-Caridad.png","contentUrl":"https:\/\/filles-de-la-charite.org\/wp-content\/uploads\/2023\/03\/isotipo-Hijas-de-la-Caridad.png","width":1417,"height":1417,"caption":"Hijas de la Caridad"},"image":{"@id":"https:\/\/filles-de-la-charite.org\/pt-pt\/#\/schema\/logo\/image\/"}}]}},"_links":{"self":[{"href":"https:\/\/filles-de-la-charite.org\/pt-pt\/wp-json\/wp\/v2\/pages\/3498","targetHints":{"allow":["GET"]}}],"collection":[{"href":"https:\/\/filles-de-la-charite.org\/pt-pt\/wp-json\/wp\/v2\/pages"}],"about":[{"href":"https:\/\/filles-de-la-charite.org\/pt-pt\/wp-json\/wp\/v2\/types\/page"}],"author":[{"embeddable":true,"href":"https:\/\/filles-de-la-charite.org\/pt-pt\/wp-json\/wp\/v2\/users\/1"}],"replies":[{"embeddable":true,"href":"https:\/\/filles-de-la-charite.org\/pt-pt\/wp-json\/wp\/v2\/comments?post=3498"}],"version-history":[{"count":41,"href":"https:\/\/filles-de-la-charite.org\/pt-pt\/wp-json\/wp\/v2\/pages\/3498\/revisions"}],"predecessor-version":[{"id":51525,"href":"https:\/\/filles-de-la-charite.org\/pt-pt\/wp-json\/wp\/v2\/pages\/3498\/revisions\/51525"}],"wp:attachment":[{"href":"https:\/\/filles-de-la-charite.org\/pt-pt\/wp-json\/wp\/v2\/media?parent=3498"}],"curies":[{"name":"wp","href":"https:\/\/api.w.org\/{rel}","templated":true}]}}